{"id":182,"date":"2025-05-17T10:50:31","date_gmt":"2025-05-17T08:50:31","guid":{"rendered":"https:\/\/www.blues-wine.ch\/?page_id=182"},"modified":"2025-08-24T13:44:14","modified_gmt":"2025-08-24T11:44:14","slug":"programm-bands","status":"publish","type":"page","link":"https:\/\/www.blues-wine.ch\/?page_id=182","title":{"rendered":"Programm &amp; Bands"},"content":{"rendered":"\n<p><\/p>\n\n\n\n<p>Wir arbeiten am neuen Program. Mehr sp\u00e4ter. <\/p>\n\n\n\n<p>Bleibt im Loop &#8211; folgt uns auf Instagram, schaut euch die Posts auf der Webseite an oder schreibt euch ein f\u00fcr den Newsletter, dann halten wir euch auf dem Laufenden: <a href=\"https:\/\/www.blues-wine.ch\/?page_id=9\">Kontakt \u2013 Blues Harmony in Wine Country<\/a><\/p>\n\n\n\n<figure class=\"wp-block-image size-full is-resized\"><a href=\"https:\/\/www.instagram.com\/blues_and_wine_maienfeld\/\"><img loading=\"lazy\" decoding=\"async\" width=\"231\" height=\"218\" src=\"https:\/\/www.blues-wine.ch\/wp-content\/uploads\/2025\/08\/image.png\" alt=\"\" class=\"wp-image-224\" style=\"width:64px;height:auto\"\/><\/a><\/figure>\n\n\n\n<p><\/p>\n\n\n\n<hr class=\"wp-block-separator has-alpha-channel-opacity\"\/>\n\n\n\n<p>Unten das diesj\u00e4hrige Program 2025:<\/p>\n\n\n\n<p>\u00dcber drei Sets geben wir euch am Blues &amp; Wine 2025 eine <strong>Reise durch die Geschichte des Blues<\/strong>. Wir starten mit <strong>Acoustic Delta Blues<\/strong> von <strong>Rolf Bahns<\/strong>. Der Acoustic Delta Blues ist ein urspr\u00fcnglich gespielter Bluesstil, welcher vor mehr als einem Jahrhundert in den <strong>1900er Jahren <\/strong>entstanden ist. Er ist durch den Einsatz akustischer Gitarren, rauen Gesang und emotionale Ausdruckskraft gepr\u00e4gt ist.<\/p>\n\n\n\n<p>Danach geht es weiter zum <strong>Electric Chicago-Blues<\/strong> mit <strong>Andy Egert<\/strong> und Band mit Special Guest <strong>Tino Forlin<\/strong>. Der Electric Chicago Blues ist ein urbaner Bluesstil, der in den <strong>1940er<\/strong>-Jahren entstand und durch elektrisch verst\u00e4rkte Gitarren, kr\u00e4ftige Rhythmen und eine energiegeladene Bandbesetzung gepr\u00e4gt ist. Sitzend und noch eher gem\u00fctlich, aber doch stimmig und mit viel Harmonica-Einsatz. <\/p>\n\n\n\n<p>Dann zum Abschluss die Spezialit\u00e4t von Andy Egert: der <strong>British Blues<\/strong>. Der British Blues bzw. Blues Rock entstand in den <strong>1960er<\/strong>-Jahren, als britische Musiker amerikanischen Blues mit Rock-Elementen kombinierten und so einen lauteren, dynamischeren Stil entwickelten. Da geht&#8217;s dann nochmals richtig ab.<\/p>\n\n\n\n<p>Jetzt k\u00f6nnt ihr euch auch gleich ein Ticket besorgen. <strong>Der Vorverkauf l\u00e4uft! <\/strong><br>Zum Ticket-Verkauf geht es hier: <a href=\"https:\/\/www.blues-wine.ch\/?page_id=53\" data-type=\"page\" data-id=\"53\">Tickets kaufen<\/a><\/p>\n\n\n\n<p><strong>Zeit-Programm:<\/strong><\/p>\n\n\n\n<ul class=\"wp-block-list\">\n<li>T\u00fcr\u00f6ffnung und Einlass, Start Bar &amp; Restaurant: 18.30 &#8211; 1900<\/li>\n\n\n\n<li>Konzert-Start: 19.30<\/li>\n\n\n\n<li>3 Sets mit Pausen. Bar &amp; Restaurant ganzen Abend offen und zug\u00e4nglich<\/li>\n\n\n\n<li>Konzert-Ende: ca. 23.00<\/li>\n<\/ul>\n\n\n\n<p><\/p>\n\n\n\n<p>Wer mehr erfahren will zu unseren tollen Musikern&#8230;<\/p>\n\n\n\n<figure class=\"wp-block-image size-full\"><img loading=\"lazy\" decoding=\"async\" width=\"910\" height=\"482\" src=\"https:\/\/www.blues-wine.ch\/wp-content\/uploads\/2024\/05\/andy-egert-front-page.png\" alt=\"\" class=\"wp-image-101\" srcset=\"https:\/\/www.blues-wine.ch\/wp-content\/uploads\/2024\/05\/andy-egert-front-page.png 910w, https:\/\/www.blues-wine.ch\/wp-content\/uploads\/2024\/05\/andy-egert-front-page-300x159.png 300w, https:\/\/www.blues-wine.ch\/wp-content\/uploads\/2024\/05\/andy-egert-front-page-768x407.png 768w\" sizes=\"auto, (max-width: 910px) 100vw, 910px\" \/><\/figure>\n\n\n\n<p>Wir konnten Andy Egert und Band f\u00fcr unser Blueskonzert in Maienfeld gewinnen. Er hat schon einige Male am Blues &amp; Wine in Fl\u00e4sch gespielt und jedes Mal das Publikum absolut begeistert. Andy Egert das heisst Blues vom feinsten im Stil von Eric Clapton, Alvin Lee, Freddie King, oder Johnny Winter. Seit \u00fcber 30 Jahren macht er Musik, mit 100 Konzerten pro Jahr, wird er als einer der am h\u00e4rtesten arbeiteten Blues-Musiker beschrieben. Gut m\u00f6glich, dass Andy noch Gastmusiker mitbringt. Mehr dazu sp\u00e4ter. Das wird toll! Wir freuen uns jetzt schon drauf.<\/p>\n\n\n\n<p><strong>Rolf Bahns \u201eBack to the Blues Roots\u201d<\/strong><\/p>\n\n\n\n<p>Rolf Bahns spielt Mississippi Delta Blues aus den 20er bis 40er Jahren des letzten Jahrhunderts. Vor allem Songs von Lightnin`Hopkins, Elmore James, Robert Johnson und anderen werden authentisch performed mit seiner National (Dobro) Gitarre und Gesang, eben \u201eBack to the Blues Roots\u201d<\/p>\n\n\n\n<figure class=\"wp-block-image size-full is-resized\"><img loading=\"lazy\" decoding=\"async\" width=\"1024\" height=\"683\" src=\"https:\/\/www.blues-wine.ch\/wp-content\/uploads\/2025\/05\/7e642300-5bfd-4966-a645-b0772d2452de.jpg\" alt=\"\" class=\"wp-image-183\" style=\"width:342px;height:auto\" srcset=\"https:\/\/www.blues-wine.ch\/wp-content\/uploads\/2025\/05\/7e642300-5bfd-4966-a645-b0772d2452de.jpg 1024w, https:\/\/www.blues-wine.ch\/wp-content\/uploads\/2025\/05\/7e642300-5bfd-4966-a645-b0772d2452de-300x200.jpg 300w, https:\/\/www.blues-wine.ch\/wp-content\/uploads\/2025\/05\/7e642300-5bfd-4966-a645-b0772d2452de-768x512.jpg 768w\" sizes=\"auto, (max-width: 1024px) 100vw, 1024px\" \/><\/figure>\n\n\n\n<p><\/p>\n\n\n\n<p><strong>Wer jetzt noch mehr Hintergrund zum Blues und der Geschichte wissen m\u00f6chte, bitte hier weiterlesen&#8230;<\/strong><\/p>\n\n\n\n<p>Die Geschichte des Blues beginnt im fr\u00fchen 20. Jahrhundert im S\u00fcden der Vereinigten Staaten, insbesondere im Mississippi-Delta. Der sogenannte <strong>Delta Blues<\/strong> gilt als eine der urspr\u00fcnglichsten Formen des Genres. Er war gepr\u00e4gt von rauen, emotionalen Ges\u00e4ngen, begleitet meist nur von einer akustischen Gitarre. Typisch waren einfache Harmonien, der Einsatz von Slide-Technik und Texte, die das harte Leben afroamerikanischer Landarbeiter widerspiegelten. Eine zentrale Rolle spielte dabei die <strong>Dockery Farm<\/strong>, eine Plantage in Mississippi, die als Treffpunkt und Wirkungsst\u00e4tte fr\u00fcher Bluesmusiker wie <strong>Charley Patton<\/strong> gilt. Zu den bekanntesten Vertretern dieser Stilrichtung z\u00e4hlen <strong>Robert Johnson<\/strong>, <strong>Son House<\/strong> und <strong>Charley Patton<\/strong>.<\/p>\n\n\n\n<p>Mit der sogenannten <strong>Great Migration<\/strong> zogen viele afroamerikanische Musiker in die Industriest\u00e4dte des Nordens, vor allem nach <strong>Chicago<\/strong>. Dort entstand ab den 1940er-Jahren der <strong>Chicago Electric Blues<\/strong>, eine elektrifizierte, urbanere Weiterentwicklung des Delta Blues. Die Musiker begannen, E-Gitarren, Verst\u00e4rker, Schlagzeug und Mundharmonika einzusetzen, um sich gegen den L\u00e4rm der Clubs und Bars durchzusetzen. Der Sound wurde lauter, aggressiver und tanzbarer. Wichtige Vertreter dieser Stilrichtung waren <strong>Muddy Waters<\/strong>, <strong>Howlin\u2019 Wolf<\/strong>, <strong>Willie Dixon<\/strong> und <strong>Buddy Guy<\/strong>. Sie legten den Grundstein f\u00fcr viele sp\u00e4tere Entwicklungen in der Pop- und Rockmusik.<\/p>\n\n\n\n<p>In den 1960er-Jahren schwappte der Blues schlie\u00dflich \u00fcber den Atlantik und fand in Gro\u00dfbritannien begeisterte Anh\u00e4nger. Dort entwickelte sich der <strong>britische Blues Rock<\/strong>, eine Stilrichtung, in der junge britische Musiker den amerikanischen Blues mit Rock-Elementen kombinierten. Sie orientierten sich an ihren amerikanischen Vorbildern, interpretierten deren Songs neu und entwickelten einen eigenen Sound. Diese Bewegung beeinflusste ma\u00dfgeblich die Entwicklung von Rockmusik, Hard Rock und sogar Heavy Metal. Zu den Schl\u00fcsselfiguren dieser \u00c4ra geh\u00f6rten <strong>Eric Clapton<\/strong> (mit den Yardbirds, Cream und solo), <strong>The Rolling Stones<\/strong>, <strong>John Mayall &amp; the Bluesbreakers<\/strong>, <strong>Fleetwood Mac<\/strong> (in ihren fr\u00fchen Jahren) und <strong>Led Zeppelin<\/strong>.<\/p>\n\n\n\n<figure class=\"wp-block-image size-full\"><img loading=\"lazy\" decoding=\"async\" width=\"349\" height=\"474\" src=\"https:\/\/www.blues-wine.ch\/wp-content\/uploads\/2025\/05\/image.png\" alt=\"\" class=\"wp-image-184\" srcset=\"https:\/\/www.blues-wine.ch\/wp-content\/uploads\/2025\/05\/image.png 349w, https:\/\/www.blues-wine.ch\/wp-content\/uploads\/2025\/05\/image-221x300.png 221w\" sizes=\"auto, (max-width: 349px) 100vw, 349px\" \/><\/figure>\n\n\n\n<p class=\"has-small-font-size\"><em>Bild: Wikipedia<\/em><\/p>\n\n\n\n<p><\/p>\n","protected":false},"excerpt":{"rendered":"<p>Wir arbeiten am neuen Program. Mehr sp\u00e4ter. Bleibt im Loop &#8211; folgt uns auf Instagram, schaut euch die Posts auf der Webseite an oder schreibt euch ein f\u00fcr den Newsletter, [&hellip;]<\/p>\n","protected":false},"author":1,"featured_media":0,"parent":0,"menu_order":0,"comment_status":"closed","ping_status":"closed","template":"","meta":{"footnotes":""},"class_list":["post-182","page","type-page","status-publish","hentry"],"_links":{"self":[{"href":"https:\/\/www.blues-wine.ch\/index.php?rest_route=\/wp\/v2\/pages\/182","targetHints":{"allow":["GET"]}}],"collection":[{"href":"https:\/\/www.blues-wine.ch\/index.php?rest_route=\/wp\/v2\/pages"}],"about":[{"href":"https:\/\/www.blues-wine.ch\/index.php?rest_route=\/wp\/v2\/types\/page"}],"author":[{"embeddable":true,"href":"https:\/\/www.blues-wine.ch\/index.php?rest_route=\/wp\/v2\/users\/1"}],"replies":[{"embeddable":true,"href":"https:\/\/www.blues-wine.ch\/index.php?rest_route=%2Fwp%2Fv2%2Fcomments&post=182"}],"version-history":[{"count":10,"href":"https:\/\/www.blues-wine.ch\/index.php?rest_route=\/wp\/v2\/pages\/182\/revisions"}],"predecessor-version":[{"id":237,"href":"https:\/\/www.blues-wine.ch\/index.php?rest_route=\/wp\/v2\/pages\/182\/revisions\/237"}],"wp:attachment":[{"href":"https:\/\/www.blues-wine.ch\/index.php?rest_route=%2Fwp%2Fv2%2Fmedia&parent=182"}],"curies":[{"name":"wp","href":"https:\/\/api.w.org\/{rel}","templated":true}]}}